{"id":456,"date":"2013-10-21T17:26:52","date_gmt":"2013-10-21T15:26:52","guid":{"rendered":"https:\/\/olearnik.pl\/witamy\/?page_id=456"},"modified":"2018-01-11T08:40:35","modified_gmt":"2018-01-11T07:40:35","slug":"moje-rekomendacje-2","status":"publish","type":"page","link":"https:\/\/olearnik.pl\/witamy\/rozmaitosci\/moje-rekomendacje-2\/","title":{"rendered":"Moje wiersze"},"content":{"rendered":"<p><a href=\"https:\/\/olearnik.pl\/witamy\/wp-content\/uploads\/2013\/10\/12-Spis-marze\u0144.pdf\">12 Spis marze\u0144<\/a><\/p>\n<p><a href=\"https:\/\/olearnik.pl\/witamy\/wp-content\/uploads\/2013\/10\/19-Pi\u0119kna-podr\u00f3\u017c-tam-gdzie-kto\u015b-nas-czeka.pdf\">19 Pi\u0119kna podr\u00f3\u017c tam gdzie kto\u015b nas czeka<\/a><\/p>\n<p><a href=\"https:\/\/olearnik.pl\/witamy\/wp-content\/uploads\/2013\/10\/28-M\u0105dro\u015b\u0107-odr\u00f3\u017cniania.pdf\">28 M\u0105dro\u015b\u0107 odr\u00f3\u017cniania<\/a><\/p>\n","protected":false},"excerpt":{"rendered":"<p>12 Spis marze\u0144 19 Pi\u0119kna podr\u00f3\u017c tam gdzie kto\u015b nas czeka 28 M\u0105dro\u015b\u0107 odr\u00f3\u017cniania<\/p>\n","protected":false},"author":2,"featured_media":0,"parent":121,"menu_order":0,"comment_status":"closed","ping_status":"closed","template":"","meta":{"footnotes":""},"_links":{"self":[{"href":"https:\/\/olearnik.pl\/witamy\/wp-json\/wp\/v2\/pages\/456"}],"collection":[{"href":"https:\/\/olearnik.pl\/witamy\/wp-json\/wp\/v2\/pages"}],"about":[{"href":"https:\/\/olearnik.pl\/witamy\/wp-json\/wp\/v2\/types\/page"}],"author":[{"embeddable":true,"href":"https:\/\/olearnik.pl\/witamy\/wp-json\/wp\/v2\/users\/2"}],"replies":[{"embeddable":true,"href":"https:\/\/olearnik.pl\/witamy\/wp-json\/wp\/v2\/comments?post=456"}],"version-history":[{"count":6,"href":"https:\/\/olearnik.pl\/witamy\/wp-json\/wp\/v2\/pages\/456\/revisions"}],"predecessor-version":[{"id":920,"href":"https:\/\/olearnik.pl\/witamy\/wp-json\/wp\/v2\/pages\/456\/revisions\/920"}],"up":[{"embeddable":true,"href":"https:\/\/olearnik.pl\/witamy\/wp-json\/wp\/v2\/pages\/121"}],"wp:attachment":[{"href":"https:\/\/olearnik.pl\/witamy\/wp-json\/wp\/v2\/media?parent=456"}],"curies":[{"name":"wp","href":"https:\/\/api.w.org\/{rel}","templated":true}]}}