{"id":15,"date":"2013-03-14T13:03:50","date_gmt":"2013-03-14T12:03:50","guid":{"rendered":"https:\/\/olearnik.pl\/witamy\/?page_id=15"},"modified":"2023-06-17T11:52:01","modified_gmt":"2023-06-17T09:52:01","slug":"moja-osoba","status":"publish","type":"page","link":"https:\/\/olearnik.pl\/witamy\/o-nas\/moja-osoba\/","title":{"rendered":"Kim jestem"},"content":{"rendered":"<p>Jestem profesorem ekonomii, absolwentem Akademii Ekonomicznej we Wroc\u0142awiu (1972), specjalist\u0105 w zakresie marketingu, zarz\u0105dzania i biznesu, \u0142\u0105cz\u0119 warsztat akademicki z bogatym praktycznym do\u015bwiadczeniem.<\/p>\n<p>Jestem by\u0142ym pracownikiem naukowo-dydaktycznym o uznanym dorobku, autorem ponad 150 publikacji (ksi\u0105\u017cek, artyku\u0142\u00f3w, podr\u0119cznik\u00f3w, skrypt\u00f3w, materia\u0142\u00f3w dydaktycznych) oraz kilkudziesi\u0119ciu opracowa\u0144 na rzecz przedsi\u0119biorstw, opiekunem wielu pokole\u0144 student\u00f3w, na uczelniach sp\u0119dzi\u0142em prawie ca\u0142e moje doros\u0142e \u017cycie.<\/p>\n<p>Jestem by\u0142ym cenionym doradc\u0105 biznesowym, w okresie 1993-2002 zajmowa\u0142em si\u0119 wy\u0142\u0105cznie prac\u0105 konsultingow\u0105, zdobywaj\u0105c rozleg\u0142e do\u015bwiadczenia w praktyce codziennych kontakt\u00f3w z przedsi\u0119biorstwami wielu bran\u017c z obszaru ca\u0142ej Polski.<\/p>\n<p>Jestem by\u0142ym do\u015bwiadczonym mened\u017cerem, sprawowa\u0142em kierownicze funkcje w uczelniach i podmiotach gospodarczych, m.in. wiceprezesa wroc\u0142awskiej sp\u00f3\u0142ki konsultingowej SJOS oraz Rektora Wy\u017cszej Szko\u0142y Handlowej we Wroc\u0142awiu (2002-2008r.). Pr\u00f3bowa\u0142em te\u017c samodzielnego biznesu, ale zabrak\u0142o mi nale\u017cnego entuzjazmu i czasu.<\/p>\n<p>Jestem emerytem, od 2022 roku uwolni\u0142em si\u0119 od zawodowych akademickich powinno\u015bci i staram si\u0119 budowa\u0107 moj\u0105 now\u0105 rzeczywisto\u015b\u0107 wolnego tw\u00f3rcy.<\/p>\n<p>Jestem wroc\u0142awianinem, kt\u00f3ry sp\u0119dzi\u0142 we Wroc\u0142awiu 50 lat \u017cycia, przyby\u0142em tu na studia (1968) z Opolszczyzny, konkretnie z Prudnika, gdzie pobiera\u0142em podstawow\u0105 edukacj\u0119. Teraz mieszkam w miejscowo\u015bci \u017b\u00f3rawina pod Wroc\u0142awiem, tam mam swoje gniazdo, sw\u00f3j dom.<\/p>\n<p>Jestem polaniczaninem, od 2008 roku pomieszkuj\u0119 w Polanicy-Zdroju, tam jest moja oaza, \u015bwi\u0105tynia dumania, dom pracy tw\u00f3rczej.<\/p>\n<p>Jestem poet\u0105. Jaki\u015b czas temu odkry\u0142em, \u017ce posiadam zdolno\u015b\u0107 tworzenia wierszy, kt\u00f3re podobaj\u0105 si\u0119 ludziom, w tym tak\u017ce literatom. Mnie te\u017c si\u0119 podobaj\u0105, wi\u0119c my\u015bl\u0119, \u017ce s\u0105 powody, aby uwa\u017ca\u0107 si\u0119 za poet\u0119. To daje mi dodatkow\u0105 motywacj\u0119, \u017ceby robi\u0107 co\u015b fajnego i czerpa\u0107 z tego satysfakcj\u0119.<\/p>\n<p>Jestem g\u0142ow\u0105 rodziny, mam \u017con\u0119 Mir\u0119 Plut\u0119-Olearnik, te\u017c profesora ekonomii, mamy wi\u0119c w domu ma\u0142\u0105 akademi\u0119 nauk. I troje doros\u0142ych dzieci (Tomasza, Adama i Iwon\u0119), kt\u00f3re s\u0105 na przemian obiektem mojej dumy i moich trosk.<\/p>\n<p>Jestem szcz\u0119\u015bliwym cz\u0142owiekiem, nie boj\u0119 si\u0119 zmian i ci\u0105gle szukam&#8230;<\/p>\n\n\n<p><\/p>\n","protected":false},"excerpt":{"rendered":"<p>Jestem profesorem ekonomii, absolwentem Akademii Ekonomicznej we Wroc\u0142awiu (1972), specjalist\u0105 w zakresie marketingu, zarz\u0105dzania i biznesu, \u0142\u0105cz\u0119 warsztat akademicki z bogatym praktycznym do\u015bwiadczeniem. Jestem by\u0142ym pracownikiem naukowo-dydaktycznym o uznanym dorobku, autorem ponad 150 publikacji (ksi\u0105\u017cek, artyku\u0142\u00f3w, podr\u0119cznik\u00f3w, skrypt\u00f3w, materia\u0142\u00f3w dydaktycznych) oraz kilkudziesi\u0119ciu opracowa\u0144 na rzecz przedsi\u0119biorstw, opiekunem wielu pokole\u0144 student\u00f3w, na uczelniach sp\u0119dzi\u0142em prawie ca\u0142e &hellip; <a href=\"https:\/\/olearnik.pl\/witamy\/o-nas\/moja-osoba\/\">Continue reading &rarr;<\/a><\/p>\n","protected":false},"author":1,"featured_media":0,"parent":67,"menu_order":0,"comment_status":"closed","ping_status":"closed","template":"","meta":{"footnotes":""},"_links":{"self":[{"href":"https:\/\/olearnik.pl\/witamy\/wp-json\/wp\/v2\/pages\/15"}],"collection":[{"href":"https:\/\/olearnik.pl\/witamy\/wp-json\/wp\/v2\/pages"}],"about":[{"href":"https:\/\/olearnik.pl\/witamy\/wp-json\/wp\/v2\/types\/page"}],"author":[{"embeddable":true,"href":"https:\/\/olearnik.pl\/witamy\/wp-json\/wp\/v2\/users\/1"}],"replies":[{"embeddable":true,"href":"https:\/\/olearnik.pl\/witamy\/wp-json\/wp\/v2\/comments?post=15"}],"version-history":[{"count":26,"href":"https:\/\/olearnik.pl\/witamy\/wp-json\/wp\/v2\/pages\/15\/revisions"}],"predecessor-version":[{"id":1203,"href":"https:\/\/olearnik.pl\/witamy\/wp-json\/wp\/v2\/pages\/15\/revisions\/1203"}],"up":[{"embeddable":true,"href":"https:\/\/olearnik.pl\/witamy\/wp-json\/wp\/v2\/pages\/67"}],"wp:attachment":[{"href":"https:\/\/olearnik.pl\/witamy\/wp-json\/wp\/v2\/media?parent=15"}],"curies":[{"name":"wp","href":"https:\/\/api.w.org\/{rel}","templated":true}]}}