{"id":114,"date":"2013-03-19T17:14:37","date_gmt":"2013-03-19T16:14:37","guid":{"rendered":"https:\/\/olearnik.pl\/witamy\/?page_id=114"},"modified":"2021-11-11T21:37:03","modified_gmt":"2021-11-11T20:37:03","slug":"publikacje","status":"publish","type":"page","link":"https:\/\/olearnik.pl\/witamy\/naszym-zdaniem\/publikacje\/","title":{"rendered":"Publikacje naukowe"},"content":{"rendered":"<p><strong><a href=\"https:\/\/olearnik.pl\/witamy\/wp-content\/uploads\/2013\/03\/Biznesowe-aspekty-rekreacji-Olearnik.pdf\">Biznesowe aspekty rekreacji &#8211; Olearnik<\/a><\/strong><\/p>\n<p>&nbsp;<\/p>\n<p><strong><a href=\"https:\/\/olearnik.pl\/witamy\/wp-content\/uploads\/2013\/03\/Uczelnia-naszych-czas\u00f3w-mi\u0119dzy-skarbnic\u0105-wiedzy-a-uniwersytetem-przedsi\u0119biorczym1.pdf\">Uczelnia naszych czas\u00f3w &#8211; mi\u0119dzy skarbnic\u0105 wiedzy a uniwersytetem przedsi\u0119biorczym<\/a><\/strong><\/p>\n<p><strong><a href=\"https:\/\/olearnik.pl\/witamy\/wp-content\/uploads\/2013\/03\/Innowacje-w-turystyce-ich-charakter-i-obszary-poszukiwa\u0144.pdf\">Innowacje w turystyce &#8211; ich charakter i obszary poszukiwa\u0144<\/a><\/strong><\/p>\n<p><strong><a href=\"https:\/\/olearnik.pl\/witamy\/wp-content\/uploads\/2013\/03\/Przedsi\u0119biorcza_uczelnia-ksi\u0105\u017cka-kt\u00f3ra-si\u0119-nie-starzeje.pdf\">Przed<\/a><\/strong><strong><a href=\"https:\/\/olearnik.pl\/witamy\/wp-content\/uploads\/2013\/03\/Przedsi\u0119biorcza_uczelnia-ksi\u0105\u017cka-kt\u00f3ra-si\u0119-nie-starzeje.pdf\">si\u0119biorcza_uczelnia &#8211; ksi\u0105\u017cka kt\u00f3ra si\u0119 nie starzeje &#8211; UZYJ PRZEGL\u0104DARKI MOZILLA FIREFOX !<\/a><\/strong><\/p>\n<p><span style=\"font-family: Calibri, serif;\"><span style=\"font-size: medium;\"><a href=\"https:\/\/olearnik.pl\/witamy\/wp-content\/uploads\/2013\/03\/Planowanie-marketingowe-w-turystyce-Janusz-Olearnik.pdf\" target=\"_blank\" rel=\"noopener noreferrer\">Planowanie marketingowe w turystyce &#8211; Janusz Olearnik<\/a><\/span><\/span><\/p>\n<p><span style=\"font-family: Calibri, serif;\"><span style=\"font-size: medium;\"><a href=\"https:\/\/olearnik.pl\/witamy\/wp-content\/uploads\/2013\/03\/Produkt-turystyczny-regionu-Janusz-Olearnik.pdf\" target=\"_blank\" rel=\"noopener noreferrer\">Produkt turystyczny regionu &#8211; Janusz Olearnik<\/a><\/span><\/span><\/p>\n<p><a href=\"https:\/\/olearnik.pl\/witamy\/wp-content\/uploads\/2013\/03\/Refleksje-o-konsultingu-Janusz-Olearnik.pdf\" target=\"_blank\" rel=\"noopener noreferrer\">Refleksje o konsultingu &#8211; Janusz Olearnik<\/a><\/p>\n<p>&nbsp;<\/p>\n","protected":false},"excerpt":{"rendered":"<p>Biznesowe aspekty rekreacji &#8211; Olearnik &nbsp; Uczelnia naszych czas\u00f3w &#8211; mi\u0119dzy skarbnic\u0105 wiedzy a uniwersytetem przedsi\u0119biorczym Innowacje w turystyce &#8211; ich charakter i obszary poszukiwa\u0144 Przedsi\u0119biorcza_uczelnia &#8211; ksi\u0105\u017cka kt\u00f3ra si\u0119 nie starzeje &#8211; UZYJ PRZEGL\u0104DARKI MOZILLA FIREFOX ! Planowanie marketingowe w turystyce &#8211; Janusz Olearnik Produkt turystyczny regionu &#8211; Janusz Olearnik Refleksje o konsultingu &#8211; &hellip; <a href=\"https:\/\/olearnik.pl\/witamy\/naszym-zdaniem\/publikacje\/\">Continue reading &rarr;<\/a><\/p>\n","protected":false},"author":1,"featured_media":0,"parent":112,"menu_order":0,"comment_status":"closed","ping_status":"closed","template":"","meta":{"footnotes":""},"_links":{"self":[{"href":"https:\/\/olearnik.pl\/witamy\/wp-json\/wp\/v2\/pages\/114"}],"collection":[{"href":"https:\/\/olearnik.pl\/witamy\/wp-json\/wp\/v2\/pages"}],"about":[{"href":"https:\/\/olearnik.pl\/witamy\/wp-json\/wp\/v2\/types\/page"}],"author":[{"embeddable":true,"href":"https:\/\/olearnik.pl\/witamy\/wp-json\/wp\/v2\/users\/1"}],"replies":[{"embeddable":true,"href":"https:\/\/olearnik.pl\/witamy\/wp-json\/wp\/v2\/comments?post=114"}],"version-history":[{"count":20,"href":"https:\/\/olearnik.pl\/witamy\/wp-json\/wp\/v2\/pages\/114\/revisions"}],"predecessor-version":[{"id":875,"href":"https:\/\/olearnik.pl\/witamy\/wp-json\/wp\/v2\/pages\/114\/revisions\/875"}],"up":[{"embeddable":true,"href":"https:\/\/olearnik.pl\/witamy\/wp-json\/wp\/v2\/pages\/112"}],"wp:attachment":[{"href":"https:\/\/olearnik.pl\/witamy\/wp-json\/wp\/v2\/media?parent=114"}],"curies":[{"name":"wp","href":"https:\/\/api.w.org\/{rel}","templated":true}]}}